{"id":109,"date":"2024-01-26T16:22:04","date_gmt":"2024-01-26T21:22:04","guid":{"rendered":"https:\/\/qawww.policesolutions.ca\/?page_id=109"},"modified":"2024-07-30T10:39:30","modified_gmt":"2024-07-30T14:39:30","slug":"sncr","status":"publish","type":"page","link":"https:\/\/www.policesolution.ca\/fr\/sncr\/","title":{"rendered":"Le Registre des cam\u00e9ras de quartier s\u00e9curitaire (RCQS)"},"content":{"rendered":"<div data-elementor-type=\"wp-post\" data-elementor-id=\"109\" class=\"elementor elementor-109\" data-elementor-post-type=\"page\">\n\t\t\t\t<div class=\"elementor-element elementor-element-31d0825 e-flex e-con-boxed e-con e-parent\" data-id=\"31d0825\" data-element_type=\"container\">\n\t\t\t\t\t<div class=\"e-con-inner\">\n\t\t\t\t<div class=\"elementor-element elementor-element-71fcde24 elementor-invisible elementor-widget elementor-widget-heading\" data-id=\"71fcde24\" data-element_type=\"widget\" data-settings=\"{&quot;_animation&quot;:&quot;fadeIn&quot;}\" data-widget_type=\"heading.default\">\n\t\t\t\t<div class=\"elementor-widget-container\">\n\t\t\t<style>\/*! elementor - v3.21.0 - 08-05-2024 *\/\n.elementor-heading-title{padding:0;margin:0;line-height:1}.elementor-widget-heading .elementor-heading-title[class*=elementor-size-]>a{color:inherit;font-size:inherit;line-height:inherit}.elementor-widget-heading .elementor-heading-title.elementor-size-small{font-size:15px}.elementor-widget-heading .elementor-heading-title.elementor-size-medium{font-size:19px}.elementor-widget-heading .elementor-heading-title.elementor-size-large{font-size:29px}.elementor-widget-heading .elementor-heading-title.elementor-size-xl{font-size:39px}.elementor-widget-heading .elementor-heading-title.elementor-size-xxl{font-size:59px}<\/style><h1 class=\"elementor-heading-title elementor-size-default\">Le Registre des cam\u00e9ras de quartier s\u00e9curitaire (RCQS)<\/h1>\t\t<\/div>\n\t\t\t\t<\/div>\n\t\t\t\t<div class=\"elementor-element elementor-element-bfff006 elementor-widget__width-initial elementor-widget elementor-widget-heading\" data-id=\"bfff006\" data-element_type=\"widget\" data-widget_type=\"heading.default\">\n\t\t\t\t<div class=\"elementor-widget-container\">\n\t\t\t<h5 class=\"elementor-heading-title elementor-size-default\">Le Registre des cam\u00e9ras de quartier s\u00e9curitaire est \u00e9labor\u00e9 par des Canadiens et h\u00e9berg\u00e9 sur des serveurs au Canada.<\/h5>\t\t<\/div>\n\t\t\t\t<\/div>\n\t\t\t\t\t<\/div>\n\t\t\t\t<\/div>\n\t\t<div class=\"elementor-element elementor-element-5e9e106 e-flex e-con-boxed e-con e-parent\" data-id=\"5e9e106\" data-element_type=\"container\">\n\t\t\t\t\t<div class=\"e-con-inner\">\n\t\t\t\t<div class=\"elementor-element elementor-element-aeda523 elementor-cta--skin-cover elementor-animated-content elementor-bg-transform elementor-bg-transform-zoom-in elementor-widget elementor-widget-call-to-action\" data-id=\"aeda523\" data-element_type=\"widget\" data-widget_type=\"call-to-action.default\">\n\t\t\t\t<div class=\"elementor-widget-container\">\n\t\t\t<link rel=\"stylesheet\" href=\"https:\/\/www.policesolution.ca\/wp-content\/plugins\/elementor-pro\/assets\/css\/widget-call-to-action.min.css\">\t\t<div class=\"elementor-cta\">\n\t\t\t\t\t<div class=\"elementor-cta__bg-wrapper\">\n\t\t\t\t<div class=\"elementor-cta__bg elementor-bg\" style=\"background-image: url(https:\/\/www.policesolution.ca\/wp-content\/uploads\/2024\/04\/neighbourhood.jpg);\" role=\"img\" aria-label=\"Aerial view of modern roofs of houses of residential area summer houses early sunrise\"><\/div>\n\t\t\t\t<div class=\"elementor-cta__bg-overlay\"><\/div>\n\t\t\t<\/div>\n\t\t\t\t\t\t\t<div class=\"elementor-cta__content\">\n\t\t\t\t\n\t\t\t\t\n\t\t\t\t\t\t\t\t\t<div class=\"elementor-cta__description elementor-cta__content-item elementor-content-item elementor-animated-item--grow\">\n\t\t\t\t\t\tPour en savoir plus et acc\u00e9der au RCQS, rendez-vous sur SNCR.CA\t\t\t\t\t<\/div>\n\t\t\t\t\n\t\t\t\t\t\t\t\t\t<div class=\"elementor-cta__button-wrapper elementor-cta__content-item elementor-content-item elementor-animated-item--grow\">\n\t\t\t\t\t<a class=\"elementor-cta__button elementor-button elementor-size-sm\" href=\"https:\/\/www.sncr.ca\">\n\t\t\t\t\t\tAcc\u00e9der au SNCR.CA\t\t\t\t\t<\/a>\n\t\t\t\t\t<\/div>\n\t\t\t\t\t\t\t<\/div>\n\t\t\t\t\t\t<\/div>\n\t\t\t\t<\/div>\n\t\t\t\t<\/div>\n\t\t\t\t\t<\/div>\n\t\t\t\t<\/div>\n\t\t<div class=\"elementor-element elementor-element-5e22febe e-flex e-con-boxed e-con e-parent\" data-id=\"5e22febe\" data-element_type=\"container\" data-settings=\"{&quot;background_background&quot;:&quot;classic&quot;}\">\n\t\t\t\t\t<div class=\"e-con-inner\">\n\t\t<div class=\"elementor-element elementor-element-11c26aa9 e-con-full e-flex e-con e-child\" data-id=\"11c26aa9\" data-element_type=\"container\">\n\t\t\t\t<div class=\"elementor-element elementor-element-11381f9c elementor-widget elementor-widget-heading\" data-id=\"11381f9c\" data-element_type=\"widget\" data-widget_type=\"heading.default\">\n\t\t\t\t<div class=\"elementor-widget-container\">\n\t\t\t<h2 class=\"elementor-heading-title elementor-size-default\">Une m\u00e9thode de pr\u00e9vention de la criminalit\u00e9<\/h2>\t\t<\/div>\n\t\t\t\t<\/div>\n\t\t\t\t<div class=\"elementor-element elementor-element-33c49711 elementor-widget elementor-widget-text-editor\" data-id=\"33c49711\" data-element_type=\"widget\" data-widget_type=\"text-editor.default\">\n\t\t\t\t<div class=\"elementor-widget-container\">\n\t\t\t<style>\/*! elementor - v3.21.0 - 08-05-2024 *\/\n.elementor-widget-text-editor.elementor-drop-cap-view-stacked .elementor-drop-cap{background-color:#69727d;color:#fff}.elementor-widget-text-editor.elementor-drop-cap-view-framed .elementor-drop-cap{color:#69727d;border:3px solid;background-color:transparent}.elementor-widget-text-editor:not(.elementor-drop-cap-view-default) .elementor-drop-cap{margin-top:8px}.elementor-widget-text-editor:not(.elementor-drop-cap-view-default) .elementor-drop-cap-letter{width:1em;height:1em}.elementor-widget-text-editor .elementor-drop-cap{float:left;text-align:center;line-height:1;font-size:50px}.elementor-widget-text-editor .elementor-drop-cap-letter{display:inline-block}<\/style>\t\t\t\t<ul><li>Le Registre est une interface Web s\u00e9curis\u00e9e qui permet aux r\u00e9sidents et aux entreprises d\u2019inscrire rapidement et facilement leurs cam\u00e9ras de surveillance orient\u00e9es vers la voie publique et leur int\u00e9r\u00eat \u00e0 partager des images si un crime se produit \u00e0 leur vue.\u00a0<\/li><\/ul><div>\u00a0<\/div><ul><li>En vous inscrivant au Registre, vous aiderez \u00e0 rendre votre communaut\u00e9 plus s\u00e9curitaire.\u00a0<\/li><\/ul>\t\t\t\t\t\t<\/div>\n\t\t\t\t<\/div>\n\t\t\t\t<\/div>\n\t\t<div class=\"elementor-element elementor-element-195a0186 e-con-full e-flex e-con e-child\" data-id=\"195a0186\" data-element_type=\"container\">\n\t\t\t\t<div class=\"elementor-element elementor-element-182ab4de elementor-widget elementor-widget-image\" data-id=\"182ab4de\" data-element_type=\"widget\" data-widget_type=\"image.default\">\n\t\t\t\t<div class=\"elementor-widget-container\">\n\t\t\t<style>\/*! elementor - v3.21.0 - 08-05-2024 *\/\n.elementor-widget-image{text-align:center}.elementor-widget-image a{display:inline-block}.elementor-widget-image a img[src$=\".svg\"]{width:48px}.elementor-widget-image img{vertical-align:middle;display:inline-block}<\/style>\t\t\t\t\t\t\t\t\t\t<img fetchpriority=\"high\" decoding=\"async\" width=\"800\" height=\"581\" src=\"https:\/\/www.policesolution.ca\/wp-content\/uploads\/2024\/04\/neighbourhood.jpg\" class=\"attachment-large size-large wp-image-2942\" alt=\"\" srcset=\"https:\/\/www.policesolution.ca\/wp-content\/uploads\/2024\/04\/neighbourhood.jpg 1000w, https:\/\/www.policesolution.ca\/wp-content\/uploads\/2024\/04\/neighbourhood-300x218.jpg 300w, https:\/\/www.policesolution.ca\/wp-content\/uploads\/2024\/04\/neighbourhood-768x558.jpg 768w\" sizes=\"(max-width: 800px) 100vw, 800px\" \/>\t\t\t\t\t\t\t\t\t\t\t\t\t<\/div>\n\t\t\t\t<\/div>\n\t\t\t\t<\/div>\n\t\t\t\t\t<\/div>\n\t\t\t\t<\/div>\n\t\t<div class=\"elementor-element elementor-element-333e7741 e-flex e-con-boxed e-con e-parent\" data-id=\"333e7741\" data-element_type=\"container\" data-settings=\"{&quot;background_background&quot;:&quot;classic&quot;}\">\n\t\t\t\t\t<div class=\"e-con-inner\">\n\t\t<div class=\"elementor-element elementor-element-5d553a81 e-con-full e-flex e-con e-child\" data-id=\"5d553a81\" data-element_type=\"container\">\n\t\t\t\t<div class=\"elementor-element elementor-element-495c2c65 elementor-widget__width-inherit elementor-widget elementor-widget-image\" data-id=\"495c2c65\" data-element_type=\"widget\" data-widget_type=\"image.default\">\n\t\t\t\t<div class=\"elementor-widget-container\">\n\t\t\t\t\t\t\t\t\t\t\t\t\t<img decoding=\"async\" width=\"1000\" height=\"563\" src=\"https:\/\/www.policesolution.ca\/wp-content\/uploads\/2024\/04\/security.jpg\" class=\"attachment-full size-full wp-image-2943\" alt=\"\" srcset=\"https:\/\/www.policesolution.ca\/wp-content\/uploads\/2024\/04\/security.jpg 1000w, https:\/\/www.policesolution.ca\/wp-content\/uploads\/2024\/04\/security-300x169.jpg 300w, https:\/\/www.policesolution.ca\/wp-content\/uploads\/2024\/04\/security-768x432.jpg 768w\" sizes=\"(max-width: 1000px) 100vw, 1000px\" \/>\t\t\t\t\t\t\t\t\t\t\t\t\t<\/div>\n\t\t\t\t<\/div>\n\t\t\t\t<\/div>\n\t\t<div class=\"elementor-element elementor-element-3599043f e-con-full e-flex e-con e-child\" data-id=\"3599043f\" data-element_type=\"container\">\n\t\t\t\t<div class=\"elementor-element elementor-element-0909631 elementor-widget elementor-widget-heading\" data-id=\"0909631\" data-element_type=\"widget\" data-widget_type=\"heading.default\">\n\t\t\t\t<div class=\"elementor-widget-container\">\n\t\t\t<h2 class=\"elementor-heading-title elementor-size-default\">Maintenir la vie priv\u00e9e des r\u00e9sidents<\/h2>\t\t<\/div>\n\t\t\t\t<\/div>\n\t\t\t\t<div class=\"elementor-element elementor-element-7db0ac8f elementor-widget elementor-widget-text-editor\" data-id=\"7db0ac8f\" data-element_type=\"widget\" data-widget_type=\"text-editor.default\">\n\t\t\t\t<div class=\"elementor-widget-container\">\n\t\t\t\t\t\t\t<ul>\n \t<li>Le Registre n\u2019a pas acc\u00e8s aux flux de cam\u00e9ras en direct.<\/li>\n<\/ul>\n<div><\/div>\n<ul>\n \t<li >Les membres de la communaut\u00e9 inscrivent leurs cam\u00e9ras et leur int\u00e9r\u00eat \u00e0 partager des images par suite d\u2019un incident criminel.<\/li>\n<\/ul>\t\t\t\t\t\t<\/div>\n\t\t\t\t<\/div>\n\t\t\t\t<\/div>\n\t\t\t\t\t<\/div>\n\t\t\t\t<\/div>\n\t\t<div class=\"elementor-element elementor-element-07e0691 e-flex e-con-boxed e-con e-parent\" data-id=\"07e0691\" data-element_type=\"container\">\n\t\t\t\t\t<div class=\"e-con-inner\">\n\t\t\t\t<div class=\"elementor-element elementor-element-b325bbc elementor-widget elementor-widget-spacer\" data-id=\"b325bbc\" data-element_type=\"widget\" data-widget_type=\"spacer.default\">\n\t\t\t\t<div class=\"elementor-widget-container\">\n\t\t\t<style>\/*! elementor - v3.21.0 - 08-05-2024 *\/\n.elementor-column .elementor-spacer-inner{height:var(--spacer-size)}.e-con{--container-widget-width:100%}.e-con-inner>.elementor-widget-spacer,.e-con>.elementor-widget-spacer{width:var(--container-widget-width,var(--spacer-size));--align-self:var(--container-widget-align-self,initial);--flex-shrink:0}.e-con-inner>.elementor-widget-spacer>.elementor-widget-container,.e-con>.elementor-widget-spacer>.elementor-widget-container{height:100%;width:100%}.e-con-inner>.elementor-widget-spacer>.elementor-widget-container>.elementor-spacer,.e-con>.elementor-widget-spacer>.elementor-widget-container>.elementor-spacer{height:100%}.e-con-inner>.elementor-widget-spacer>.elementor-widget-container>.elementor-spacer>.elementor-spacer-inner,.e-con>.elementor-widget-spacer>.elementor-widget-container>.elementor-spacer>.elementor-spacer-inner{height:var(--container-widget-height,var(--spacer-size))}.e-con-inner>.elementor-widget-spacer.elementor-widget-empty,.e-con>.elementor-widget-spacer.elementor-widget-empty{position:relative;min-height:22px;min-width:22px}.e-con-inner>.elementor-widget-spacer.elementor-widget-empty .elementor-widget-empty-icon,.e-con>.elementor-widget-spacer.elementor-widget-empty .elementor-widget-empty-icon{position:absolute;top:0;bottom:0;left:0;right:0;margin:auto;padding:0;width:22px;height:22px}<\/style>\t\t<div class=\"elementor-spacer\">\n\t\t\t<div class=\"elementor-spacer-inner\"><\/div>\n\t\t<\/div>\n\t\t\t\t<\/div>\n\t\t\t\t<\/div>\n\t\t\t\t<div class=\"elementor-element elementor-element-50b0af7 elementor-widget-tablet__width-initial elementor-widget__width-initial elementor-widget elementor-widget-heading\" data-id=\"50b0af7\" data-element_type=\"widget\" data-widget_type=\"heading.default\">\n\t\t\t\t<div class=\"elementor-widget-container\">\n\t\t\t<h2 class=\"elementor-heading-title elementor-size-default\">Le Registre a-t-il acc\u00e8s \u00e0 vos cam\u00e9ras ? <\/h2>\t\t<\/div>\n\t\t\t\t<\/div>\n\t\t\t\t<div class=\"elementor-element elementor-element-57ab8a4 elementor-widget__width-initial elementor-widget elementor-widget-text-editor\" data-id=\"57ab8a4\" data-element_type=\"widget\" data-widget_type=\"text-editor.default\">\n\t\t\t\t<div class=\"elementor-widget-container\">\n\t\t\t\t\t\t\t<p><b>Non<\/b>, le Registre n\u2019a pas acc\u00e8s aux cam\u00e9ras. Le Registre ne pose aux membres de la communaut\u00e9 que des questions de base sur leur cam\u00e9ra afin d\u2019aider des enqu\u00eates polici\u00e8res \u00e9ventuelles. <em>(Par exemple : La cam\u00e9ra fait-elle face \u00e0 la route ?).<\/em> Si un crime se produit \u00e0 proximit\u00e9, la police locale peut vous contacter afin de demander des images pour cet incident. Il s\u2019agit d\u2019un programme enti\u00e8rement volontaire.<\/p>\t\t\t\t\t\t<\/div>\n\t\t\t\t<\/div>\n\t\t\t\t\t<\/div>\n\t\t\t\t<\/div>\n\t\t\t\t<\/div>","protected":false},"excerpt":{"rendered":"<p>Safe Neighbourhood Camera Registry Safe Neighbourhood Camera Registry (SNCR) is developed by Canadians and hosted on servers in Canada. To learn about &#038; access the SNCR, go to SNCR.CA Go To SNCR.CA Communities Working To Reduce Crime SNCR is a secure web interface that allows residents and businesses to quickly and easily register that they [&hellip;]<\/p>","protected":false},"author":2,"featured_media":0,"parent":0,"menu_order":0,"comment_status":"closed","ping_status":"closed","template":"elementor_header_footer","meta":{"footnotes":""},"class_list":["post-109","page","type-page","status-publish","hentry"],"_links":{"self":[{"href":"https:\/\/www.policesolution.ca\/fr\/wp-json\/wp\/v2\/pages\/109","targetHints":{"allow":["GET"]}}],"collection":[{"href":"https:\/\/www.policesolution.ca\/fr\/wp-json\/wp\/v2\/pages"}],"about":[{"href":"https:\/\/www.policesolution.ca\/fr\/wp-json\/wp\/v2\/types\/page"}],"author":[{"embeddable":true,"href":"https:\/\/www.policesolution.ca\/fr\/wp-json\/wp\/v2\/users\/2"}],"replies":[{"embeddable":true,"href":"https:\/\/www.policesolution.ca\/fr\/wp-json\/wp\/v2\/comments?post=109"}],"version-history":[{"count":213,"href":"https:\/\/www.policesolution.ca\/fr\/wp-json\/wp\/v2\/pages\/109\/revisions"}],"predecessor-version":[{"id":3480,"href":"https:\/\/www.policesolution.ca\/fr\/wp-json\/wp\/v2\/pages\/109\/revisions\/3480"}],"wp:attachment":[{"href":"https:\/\/www.policesolution.ca\/fr\/wp-json\/wp\/v2\/media?parent=109"}],"curies":[{"name":"wp","href":"https:\/\/api.w.org\/{rel}","templated":true}]}}