{"id":206,"date":"2024-01-31T18:33:00","date_gmt":"2024-01-31T23:33:00","guid":{"rendered":"https:\/\/qawww.policesolutions.ca\/?page_id=206"},"modified":"2024-05-17T16:16:44","modified_gmt":"2024-05-17T20:16:44","slug":"what-we-do","status":"publish","type":"page","link":"https:\/\/www.policesolution.ca\/fr\/what-we-do\/","title":{"rendered":"Ce que nous faisons"},"content":{"rendered":"<div data-elementor-type=\"wp-page\" data-elementor-id=\"206\" class=\"elementor elementor-206\" data-elementor-post-type=\"page\">\n\t\t\t\t<div class=\"elementor-element elementor-element-3bb41793 e-flex e-con-boxed e-con e-parent\" data-id=\"3bb41793\" data-element_type=\"container\">\n\t\t\t\t\t<div class=\"e-con-inner\">\n\t\t\t\t<div class=\"elementor-element elementor-element-4674f152 elementor-invisible elementor-widget elementor-widget-heading\" data-id=\"4674f152\" data-element_type=\"widget\" data-settings=\"{&quot;_animation&quot;:&quot;fadeIn&quot;}\" data-widget_type=\"heading.default\">\n\t\t\t\t<div class=\"elementor-widget-container\">\n\t\t\t<style>\/*! elementor - v3.21.0 - 08-05-2024 *\/\n.elementor-heading-title{padding:0;margin:0;line-height:1}.elementor-widget-heading .elementor-heading-title[class*=elementor-size-]>a{color:inherit;font-size:inherit;line-height:inherit}.elementor-widget-heading .elementor-heading-title.elementor-size-small{font-size:15px}.elementor-widget-heading .elementor-heading-title.elementor-size-medium{font-size:19px}.elementor-widget-heading .elementor-heading-title.elementor-size-large{font-size:29px}.elementor-widget-heading .elementor-heading-title.elementor-size-xl{font-size:39px}.elementor-widget-heading .elementor-heading-title.elementor-size-xxl{font-size:59px}<\/style><h1 class=\"elementor-heading-title elementor-size-default\">Ce que nous faisons<\/h1>\t\t<\/div>\n\t\t\t\t<\/div>\n\t\t\t\t<div class=\"elementor-element elementor-element-de383f0 elementor-widget elementor-widget-heading\" data-id=\"de383f0\" data-element_type=\"widget\" data-widget_type=\"heading.default\">\n\t\t\t\t<div class=\"elementor-widget-container\">\n\t\t\t<h5 class=\"elementor-heading-title elementor-size-default\">Un aper\u00e7u de nos r\u00e9alisations chez SolutionsPolici\u00e8res.ca<\/h5>\t\t<\/div>\n\t\t\t\t<\/div>\n\t\t\t\t\t<\/div>\n\t\t\t\t<\/div>\n\t\t<div class=\"elementor-element elementor-element-2d137094 e-flex e-con-boxed e-con e-parent\" data-id=\"2d137094\" data-element_type=\"container\" data-settings=\"{&quot;background_background&quot;:&quot;classic&quot;}\">\n\t\t\t\t\t<div class=\"e-con-inner\">\n\t\t<div class=\"elementor-element elementor-element-3e3cdba3 e-con-full e-flex e-con e-child\" data-id=\"3e3cdba3\" data-element_type=\"container\">\n\t\t\t\t<div class=\"elementor-element elementor-element-3e3531af elementor-widget elementor-widget-heading\" data-id=\"3e3531af\" data-element_type=\"widget\" data-widget_type=\"heading.default\">\n\t\t\t\t<div class=\"elementor-widget-container\">\n\t\t\t<h2 class=\"elementor-heading-title elementor-size-default\">V\u00e9rifications d\u2019ant\u00e9c\u00e9dents judiciaires<\/h2>\t\t<\/div>\n\t\t\t\t<\/div>\n\t\t\t\t<div class=\"elementor-element elementor-element-5e60caed elementor-widget elementor-widget-text-editor\" data-id=\"5e60caed\" data-element_type=\"widget\" data-widget_type=\"text-editor.default\">\n\t\t\t\t<div class=\"elementor-widget-container\">\n\t\t\t<style>\/*! elementor - v3.21.0 - 08-05-2024 *\/\n.elementor-widget-text-editor.elementor-drop-cap-view-stacked .elementor-drop-cap{background-color:#69727d;color:#fff}.elementor-widget-text-editor.elementor-drop-cap-view-framed .elementor-drop-cap{color:#69727d;border:3px solid;background-color:transparent}.elementor-widget-text-editor:not(.elementor-drop-cap-view-default) .elementor-drop-cap{margin-top:8px}.elementor-widget-text-editor:not(.elementor-drop-cap-view-default) .elementor-drop-cap-letter{width:1em;height:1em}.elementor-widget-text-editor .elementor-drop-cap{float:left;text-align:center;line-height:1;font-size:50px}.elementor-widget-text-editor .elementor-drop-cap-letter{display:inline-block}<\/style>\t\t\t\t<p>Nous traitons tous les aspects de l\u2019admission en ligne pour les v\u00e9rifications d\u2019ant\u00e9c\u00e9dent judiciaires des services de police, y compris les donn\u00e9es d\u00e9mographiques, la s\u00e9lection des rapports, le paiement s\u00e9curis\u00e9 des frais et la confirmation de l\u2019identit\u00e9 des demandeurs.<br \/><br \/>Une fois que les renseignements et le paiement sont trait\u00e9s et que l\u2019identit\u00e9 du demandeur est authentifi\u00e9e, l\u2019ensemble de la demande est mis \u00e0 la disposition de la police par l\u2019entremise de notre portail administratif en ligne.<br \/><br \/>Les r\u00e9sultats peuvent \u00eatre envoy\u00e9s par la poste au demandeur ou t\u00e9l\u00e9vers\u00e9s dans le compte en ligne du demandeur pour t\u00e9l\u00e9chargement s\u00e9curis\u00e9 ult\u00e9rieur. La solution est fournie gratuitement \u00e0 la police.<\/p>\t\t\t\t\t\t<\/div>\n\t\t\t\t<\/div>\n\t\t\t\t<div class=\"elementor-element elementor-element-5751b8f elementor-widget elementor-widget-button\" data-id=\"5751b8f\" data-element_type=\"widget\" data-widget_type=\"button.default\">\n\t\t\t\t<div class=\"elementor-widget-container\">\n\t\t\t\t\t<div class=\"elementor-button-wrapper\">\n\t\t\t<a class=\"elementor-button elementor-button-link elementor-size-sm\" href=\"https:\/\/www.policesolution.ca\/fr\/criminal-record-checks\/\">\n\t\t\t\t\t\t<span class=\"elementor-button-content-wrapper\">\n\t\t\t\t\t\t\t\t\t<span class=\"elementor-button-text\">En savoir plus<\/span>\n\t\t\t\t\t<\/span>\n\t\t\t\t\t<\/a>\n\t\t<\/div>\n\t\t\t\t<\/div>\n\t\t\t\t<\/div>\n\t\t\t\t<\/div>\n\t\t<div class=\"elementor-element elementor-element-120e57f3 e-con-full e-flex e-con e-child\" data-id=\"120e57f3\" data-element_type=\"container\">\n\t\t\t\t<div class=\"elementor-element elementor-element-20e02c42 elementor-widget elementor-widget-image\" data-id=\"20e02c42\" data-element_type=\"widget\" data-widget_type=\"image.default\">\n\t\t\t\t<div class=\"elementor-widget-container\">\n\t\t\t<style>\/*! elementor - v3.21.0 - 08-05-2024 *\/\n.elementor-widget-image{text-align:center}.elementor-widget-image a{display:inline-block}.elementor-widget-image a img[src$=\".svg\"]{width:48px}.elementor-widget-image img{vertical-align:middle;display:inline-block}<\/style>\t\t\t\t\t\t\t\t\t\t<img fetchpriority=\"high\" decoding=\"async\" width=\"800\" height=\"481\" src=\"https:\/\/www.policesolution.ca\/wp-content\/uploads\/2024\/04\/background-check.jpg\" class=\"attachment-large size-large wp-image-2954\" alt=\"\" srcset=\"https:\/\/www.policesolution.ca\/wp-content\/uploads\/2024\/04\/background-check.jpg 1000w, https:\/\/www.policesolution.ca\/wp-content\/uploads\/2024\/04\/background-check-300x180.jpg 300w, https:\/\/www.policesolution.ca\/wp-content\/uploads\/2024\/04\/background-check-768x462.jpg 768w\" sizes=\"(max-width: 800px) 100vw, 800px\" \/>\t\t\t\t\t\t\t\t\t\t\t\t\t<\/div>\n\t\t\t\t<\/div>\n\t\t\t\t<\/div>\n\t\t\t\t\t<\/div>\n\t\t\t\t<\/div>\n\t\t<div class=\"elementor-element elementor-element-443577a8 e-flex e-con-boxed e-con e-parent\" data-id=\"443577a8\" data-element_type=\"container\" data-settings=\"{&quot;background_background&quot;:&quot;classic&quot;}\">\n\t\t\t\t\t<div class=\"e-con-inner\">\n\t\t<div class=\"elementor-element elementor-element-55bda7d9 e-con-full e-flex e-con e-child\" data-id=\"55bda7d9\" data-element_type=\"container\">\n\t\t\t\t<div class=\"elementor-element elementor-element-2b142c67 elementor-widget elementor-widget-image\" data-id=\"2b142c67\" data-element_type=\"widget\" data-widget_type=\"image.default\">\n\t\t\t\t<div class=\"elementor-widget-container\">\n\t\t\t\t\t\t\t\t\t\t\t\t\t<img decoding=\"async\" width=\"800\" height=\"628\" src=\"https:\/\/www.policesolution.ca\/wp-content\/uploads\/2024\/04\/dashboards-1024x804.jpg\" class=\"attachment-large size-large wp-image-2776\" alt=\"\" srcset=\"https:\/\/www.policesolution.ca\/wp-content\/uploads\/2024\/04\/dashboards-1024x804.jpg 1024w, https:\/\/www.policesolution.ca\/wp-content\/uploads\/2024\/04\/dashboards-300x236.jpg 300w, https:\/\/www.policesolution.ca\/wp-content\/uploads\/2024\/04\/dashboards-768x603.jpg 768w, https:\/\/www.policesolution.ca\/wp-content\/uploads\/2024\/04\/dashboards-1536x1207.jpg 1536w, https:\/\/www.policesolution.ca\/wp-content\/uploads\/2024\/04\/dashboards.jpg 1600w\" sizes=\"(max-width: 800px) 100vw, 800px\" \/>\t\t\t\t\t\t\t\t\t\t\t\t\t<\/div>\n\t\t\t\t<\/div>\n\t\t\t\t<\/div>\n\t\t<div class=\"elementor-element elementor-element-36e70d0b e-con-full e-flex e-con e-child\" data-id=\"36e70d0b\" data-element_type=\"container\">\n\t\t\t\t<div class=\"elementor-element elementor-element-2aee5387 elementor-widget elementor-widget-heading\" data-id=\"2aee5387\" data-element_type=\"widget\" data-widget_type=\"heading.default\">\n\t\t\t\t<div class=\"elementor-widget-container\">\n\t\t\t<h2 class=\"elementor-heading-title elementor-size-default\">Tableaux de bord analytiques<\/h2>\t\t<\/div>\n\t\t\t\t<\/div>\n\t\t\t\t<div class=\"elementor-element elementor-element-37503f83 elementor-widget elementor-widget-text-editor\" data-id=\"37503f83\" data-element_type=\"widget\" data-widget_type=\"text-editor.default\">\n\t\t\t\t<div class=\"elementor-widget-container\">\n\t\t\t\t\t\t\t<p>Les tableaux de bord sont un outil d\u2019analyse de donn\u00e9es qui peut \u00eatre utilis\u00e9 pour surveiller les tendances, analyser les donn\u00e9es et mesurer les indicateurs de rendement cl\u00e9s afin de mieux communiquer le fonctionnement d\u2019un service policier \u00e0 ses collectivit\u00e9s, \u00e0 ses intervenants et \u00e0 ses organismes de surveillance. Les tableaux de bord peuvent \u00eatre cr\u00e9\u00e9s et personnalis\u00e9s pour chaque service de police \u00e0 l\u2019aide de leurs id\u00e9es et des sources de donn\u00e9es disponibles.<br \/><br \/>Actuellement, nous avons plus de 50 mod\u00e8les diff\u00e9rents parmi lesquels un client policier peut s\u00e9lectionner.<\/p>\t\t\t\t\t\t<\/div>\n\t\t\t\t<\/div>\n\t\t\t\t<div class=\"elementor-element elementor-element-f021e06 elementor-widget elementor-widget-button\" data-id=\"f021e06\" data-element_type=\"widget\" data-widget_type=\"button.default\">\n\t\t\t\t<div class=\"elementor-widget-container\">\n\t\t\t\t\t<div class=\"elementor-button-wrapper\">\n\t\t\t<a class=\"elementor-button elementor-button-link elementor-size-sm\" href=\"https:\/\/www.policesolution.ca\/fr\/analytic-dashboards\/\">\n\t\t\t\t\t\t<span class=\"elementor-button-content-wrapper\">\n\t\t\t\t\t\t\t\t\t<span class=\"elementor-button-text\">En savoir plus<\/span>\n\t\t\t\t\t<\/span>\n\t\t\t\t\t<\/a>\n\t\t<\/div>\n\t\t\t\t<\/div>\n\t\t\t\t<\/div>\n\t\t\t\t<\/div>\n\t\t\t\t\t<\/div>\n\t\t\t\t<\/div>\n\t\t<div class=\"elementor-element elementor-element-7c7b8b09 e-flex e-con-boxed e-con e-parent\" data-id=\"7c7b8b09\" data-element_type=\"container\" data-settings=\"{&quot;background_background&quot;:&quot;classic&quot;}\">\n\t\t\t\t\t<div class=\"e-con-inner\">\n\t\t<div class=\"elementor-element elementor-element-634498cc e-con-full e-flex e-con e-child\" data-id=\"634498cc\" data-element_type=\"container\">\n\t\t\t\t<div class=\"elementor-element elementor-element-49393d23 elementor-widget elementor-widget-heading\" data-id=\"49393d23\" data-element_type=\"widget\" data-widget_type=\"heading.default\">\n\t\t\t\t<div class=\"elementor-widget-container\">\n\t\t\t<h2 class=\"elementor-heading-title elementor-size-default\">Formation et soutien informatiques<\/h2>\t\t<\/div>\n\t\t\t\t<\/div>\n\t\t\t\t<div class=\"elementor-element elementor-element-3e8e7371 elementor-widget elementor-widget-text-editor\" data-id=\"3e8e7371\" data-element_type=\"widget\" data-widget_type=\"text-editor.default\">\n\t\t\t\t<div class=\"elementor-widget-container\">\n\t\t\t\t\t\t\t<p>Pour tous nos services, nous fournissons une formation compl\u00e8te sur le d\u00e9marrage et un soutien continu.<br \/><br \/>Nous offrons \u00e9galement un soutien et des conseils suppl\u00e9mentaires \u00e0 tous nos clients policiers, en mettant l\u2019accent sur les services de police autochtones, en ce qui concerne la divulgation de renseignements, y compris le type de demandes de renseignements qui devraient \u00eatre trait\u00e9es pour chaque type de v\u00e9rification polici\u00e8re.<\/p>\t\t\t\t\t\t<\/div>\n\t\t\t\t<\/div>\n\t\t\t\t<div class=\"elementor-element elementor-element-4c71449 elementor-widget elementor-widget-button\" data-id=\"4c71449\" data-element_type=\"widget\" data-widget_type=\"button.default\">\n\t\t\t\t<div class=\"elementor-widget-container\">\n\t\t\t\t\t<div class=\"elementor-button-wrapper\">\n\t\t\t<a class=\"elementor-button elementor-button-link elementor-size-sm\" href=\"https:\/\/www.policesolution.ca\/fr\/training-and-support\/\">\n\t\t\t\t\t\t<span class=\"elementor-button-content-wrapper\">\n\t\t\t\t\t\t\t\t\t<span class=\"elementor-button-text\">En savoir plus<\/span>\n\t\t\t\t\t<\/span>\n\t\t\t\t\t<\/a>\n\t\t<\/div>\n\t\t\t\t<\/div>\n\t\t\t\t<\/div>\n\t\t\t\t<\/div>\n\t\t<div class=\"elementor-element elementor-element-1dfbcf8e e-con-full e-flex e-con e-child\" data-id=\"1dfbcf8e\" data-element_type=\"container\">\n\t\t\t\t<div class=\"elementor-element elementor-element-5df17e8 elementor-widget elementor-widget-image\" data-id=\"5df17e8\" data-element_type=\"widget\" data-widget_type=\"image.default\">\n\t\t\t\t<div class=\"elementor-widget-container\">\n\t\t\t\t\t\t\t\t\t\t\t\t\t<img decoding=\"async\" width=\"477\" height=\"415\" src=\"https:\/\/www.policesolution.ca\/wp-content\/uploads\/2024\/04\/training.png\" class=\"attachment-large size-large wp-image-1860\" alt=\"\" srcset=\"https:\/\/www.policesolution.ca\/wp-content\/uploads\/2024\/04\/training.png 477w, https:\/\/www.policesolution.ca\/wp-content\/uploads\/2024\/04\/training-300x261.png 300w\" sizes=\"(max-width: 477px) 100vw, 477px\" \/>\t\t\t\t\t\t\t\t\t\t\t\t\t<\/div>\n\t\t\t\t<\/div>\n\t\t\t\t<\/div>\n\t\t\t\t\t<\/div>\n\t\t\t\t<\/div>\n\t\t<div class=\"elementor-element elementor-element-4715a1a2 e-flex e-con-boxed e-con e-parent\" data-id=\"4715a1a2\" data-element_type=\"container\" data-settings=\"{&quot;background_background&quot;:&quot;classic&quot;}\">\n\t\t\t\t\t<div class=\"e-con-inner\">\n\t\t<div class=\"elementor-element elementor-element-2325c394 e-con-full e-flex e-con e-child\" data-id=\"2325c394\" data-element_type=\"container\">\n\t\t\t\t<div class=\"elementor-element elementor-element-5ad9678c elementor-widget elementor-widget-image\" data-id=\"5ad9678c\" data-element_type=\"widget\" data-widget_type=\"image.default\">\n\t\t\t\t<div class=\"elementor-widget-container\">\n\t\t\t\t\t\t\t\t\t\t\t\t\t<img loading=\"lazy\" decoding=\"async\" width=\"675\" height=\"1024\" src=\"https:\/\/www.policesolution.ca\/wp-content\/uploads\/2024\/04\/foi-675x1024.jpg\" class=\"attachment-large size-large wp-image-2768\" alt=\"\" srcset=\"https:\/\/www.policesolution.ca\/wp-content\/uploads\/2024\/04\/foi-675x1024.jpg 675w, https:\/\/www.policesolution.ca\/wp-content\/uploads\/2024\/04\/foi-198x300.jpg 198w, https:\/\/www.policesolution.ca\/wp-content\/uploads\/2024\/04\/foi-768x1165.jpg 768w, https:\/\/www.policesolution.ca\/wp-content\/uploads\/2024\/04\/foi-1012x1536.jpg 1012w, https:\/\/www.policesolution.ca\/wp-content\/uploads\/2024\/04\/foi.jpg 1290w\" sizes=\"(max-width: 675px) 100vw, 675px\" \/>\t\t\t\t\t\t\t\t\t\t\t\t\t<\/div>\n\t\t\t\t<\/div>\n\t\t\t\t<\/div>\n\t\t<div class=\"elementor-element elementor-element-4354a18 e-con-full e-flex e-con e-child\" data-id=\"4354a18\" data-element_type=\"container\">\n\t\t\t\t<div class=\"elementor-element elementor-element-54ba73ea elementor-widget elementor-widget-heading\" data-id=\"54ba73ea\" data-element_type=\"widget\" data-widget_type=\"heading.default\">\n\t\t\t\t<div class=\"elementor-widget-container\">\n\t\t\t<h2 class=\"elementor-heading-title elementor-size-default\">Le module pour l\u2019acc\u00e8s \u00e0 l\u2019information<\/h2>\t\t<\/div>\n\t\t\t\t<\/div>\n\t\t\t\t<div class=\"elementor-element elementor-element-722f39de elementor-widget elementor-widget-text-editor\" data-id=\"722f39de\" data-element_type=\"widget\" data-widget_type=\"text-editor.default\">\n\t\t\t\t<div class=\"elementor-widget-container\">\n\t\t\t\t\t\t\t<p>Le module pour l\u2019acc\u00e8s \u00e0 l\u2019information aide les services de police \u00e0 recevoir et \u00e0 traiter les demandes d\u2019information du grand public.\u00a0<\/p><p>Le Module pour l\u2019acc\u00e8s \u00e0 l\u2019information sert de guichet virtuel pour les demandes re\u00e7ues et simplifie le processus pour rendre les services policiers plus efficients et efficaces dans la r\u00e9ponse aux demandes d\u2019acc\u00e8s \u00e0 l\u2019information.\u00a0<\/p>\t\t\t\t\t\t<\/div>\n\t\t\t\t<\/div>\n\t\t\t\t<div class=\"elementor-element elementor-element-54af011 elementor-widget elementor-widget-button\" data-id=\"54af011\" data-element_type=\"widget\" data-widget_type=\"button.default\">\n\t\t\t\t<div class=\"elementor-widget-container\">\n\t\t\t\t\t<div class=\"elementor-button-wrapper\">\n\t\t\t<a class=\"elementor-button elementor-button-link elementor-size-sm\" href=\"https:\/\/www.policesolution.ca\/fr\/freedom-of-information-module\/\">\n\t\t\t\t\t\t<span class=\"elementor-button-content-wrapper\">\n\t\t\t\t\t\t\t\t\t<span class=\"elementor-button-text\">En savoir plus<\/span>\n\t\t\t\t\t<\/span>\n\t\t\t\t\t<\/a>\n\t\t<\/div>\n\t\t\t\t<\/div>\n\t\t\t\t<\/div>\n\t\t\t\t<\/div>\n\t\t\t\t\t<\/div>\n\t\t\t\t<\/div>\n\t\t<div class=\"elementor-element elementor-element-e9ea7ee e-flex e-con-boxed e-con e-parent\" data-id=\"e9ea7ee\" data-element_type=\"container\" data-settings=\"{&quot;background_background&quot;:&quot;classic&quot;}\">\n\t\t\t\t\t<div class=\"e-con-inner\">\n\t\t<div class=\"elementor-element elementor-element-bec642e e-con-full e-flex e-con e-child\" data-id=\"bec642e\" data-element_type=\"container\">\n\t\t\t\t<div class=\"elementor-element elementor-element-b841bfd elementor-widget elementor-widget-heading\" data-id=\"b841bfd\" data-element_type=\"widget\" data-widget_type=\"heading.default\">\n\t\t\t\t<div class=\"elementor-widget-container\">\n\t\t\t<h2 class=\"elementor-heading-title elementor-size-default\">Le Registre des cam\u00e9ras de quartier s\u00e9curitaire (RCQS)<\/h2>\t\t<\/div>\n\t\t\t\t<\/div>\n\t\t\t\t<div class=\"elementor-element elementor-element-4b499bc elementor-widget elementor-widget-text-editor\" data-id=\"4b499bc\" data-element_type=\"widget\" data-widget_type=\"text-editor.default\">\n\t\t\t\t<div class=\"elementor-widget-container\">\n\t\t\t\t\t\t\t<p>Le Registre est une interface Web s\u00e9curis\u00e9e qui permet aux r\u00e9sidents et aux entreprises d\u2019inscrire rapidement et facilement leurs cam\u00e9ras de surveillance orient\u00e9es vers la voie publique et leur int\u00e9r\u00eat \u00e0 partager des images si un crime se produit \u00e0 leur vue.<\/p><p>En vous inscrivant au RCQS, vous contribuerez \u00e0 rendre votre quartier plus s\u00e9curitaire.<\/p>\t\t\t\t\t\t<\/div>\n\t\t\t\t<\/div>\n\t\t\t\t<div class=\"elementor-element elementor-element-75bab22 elementor-widget elementor-widget-button\" data-id=\"75bab22\" data-element_type=\"widget\" data-widget_type=\"button.default\">\n\t\t\t\t<div class=\"elementor-widget-container\">\n\t\t\t\t\t<div class=\"elementor-button-wrapper\">\n\t\t\t<a class=\"elementor-button elementor-button-link elementor-size-sm\" href=\"https:\/\/www.policesolution.ca\/fr\/sncr\/\">\n\t\t\t\t\t\t<span class=\"elementor-button-content-wrapper\">\n\t\t\t\t\t\t\t\t\t<span class=\"elementor-button-text\">En savoir plus<\/span>\n\t\t\t\t\t<\/span>\n\t\t\t\t\t<\/a>\n\t\t<\/div>\n\t\t\t\t<\/div>\n\t\t\t\t<\/div>\n\t\t\t\t<\/div>\n\t\t<div class=\"elementor-element elementor-element-625ebcb e-con-full e-flex e-con e-child\" data-id=\"625ebcb\" data-element_type=\"container\">\n\t\t\t\t<div class=\"elementor-element elementor-element-f31bc1c elementor-widget elementor-widget-image\" data-id=\"f31bc1c\" data-element_type=\"widget\" data-widget_type=\"image.default\">\n\t\t\t\t<div class=\"elementor-widget-container\">\n\t\t\t\t\t\t\t\t\t\t\t\t\t<img loading=\"lazy\" decoding=\"async\" width=\"800\" height=\"581\" src=\"https:\/\/www.policesolution.ca\/wp-content\/uploads\/2024\/04\/neighbourhood.jpg\" class=\"attachment-large size-large wp-image-2942\" alt=\"\" srcset=\"https:\/\/www.policesolution.ca\/wp-content\/uploads\/2024\/04\/neighbourhood.jpg 1000w, https:\/\/www.policesolution.ca\/wp-content\/uploads\/2024\/04\/neighbourhood-300x218.jpg 300w, https:\/\/www.policesolution.ca\/wp-content\/uploads\/2024\/04\/neighbourhood-768x558.jpg 768w\" sizes=\"(max-width: 800px) 100vw, 800px\" \/>\t\t\t\t\t\t\t\t\t\t\t\t\t<\/div>\n\t\t\t\t<\/div>\n\t\t\t\t<\/div>\n\t\t\t\t\t<\/div>\n\t\t\t\t<\/div>\n\t\t\t\t<\/div>","protected":false},"excerpt":{"rendered":"<p>What We Do An overview of what we have accomplished at PoliceSolutions.ca Criminal Record Checks We handle all aspects of online intake for criminal record checks for police services, including demographics, report selection, secure fee payment, and identity verification. Once the information and payment have been processed, and the applicant\u2019s identity authenticated, the entire request [&hellip;]<\/p>","protected":false},"author":2,"featured_media":0,"parent":0,"menu_order":0,"comment_status":"closed","ping_status":"closed","template":"elementor_header_footer","meta":{"footnotes":""},"class_list":["post-206","page","type-page","status-publish","hentry"],"_links":{"self":[{"href":"https:\/\/www.policesolution.ca\/fr\/wp-json\/wp\/v2\/pages\/206","targetHints":{"allow":["GET"]}}],"collection":[{"href":"https:\/\/www.policesolution.ca\/fr\/wp-json\/wp\/v2\/pages"}],"about":[{"href":"https:\/\/www.policesolution.ca\/fr\/wp-json\/wp\/v2\/types\/page"}],"author":[{"embeddable":true,"href":"https:\/\/www.policesolution.ca\/fr\/wp-json\/wp\/v2\/users\/2"}],"replies":[{"embeddable":true,"href":"https:\/\/www.policesolution.ca\/fr\/wp-json\/wp\/v2\/comments?post=206"}],"version-history":[{"count":85,"href":"https:\/\/www.policesolution.ca\/fr\/wp-json\/wp\/v2\/pages\/206\/revisions"}],"predecessor-version":[{"id":3332,"href":"https:\/\/www.policesolution.ca\/fr\/wp-json\/wp\/v2\/pages\/206\/revisions\/3332"}],"wp:attachment":[{"href":"https:\/\/www.policesolution.ca\/fr\/wp-json\/wp\/v2\/media?parent=206"}],"curies":[{"name":"wp","href":"https:\/\/api.w.org\/{rel}","templated":true}]}}