{"id":2404,"date":"2024-04-16T09:31:02","date_gmt":"2024-04-16T13:31:02","guid":{"rendered":"https:\/\/qawww.policesolutions.ca\/?page_id=2404"},"modified":"2024-07-30T10:43:10","modified_gmt":"2024-07-30T14:43:10","slug":"freedom-of-information-module","status":"publish","type":"page","link":"https:\/\/www.policesolution.ca\/fr\/freedom-of-information-module\/","title":{"rendered":"Le Module pour l\u2019acc\u00e8s \u00e0 l\u2019information"},"content":{"rendered":"<div data-elementor-type=\"wp-page\" data-elementor-id=\"2404\" class=\"elementor elementor-2404\" data-elementor-post-type=\"page\">\n\t\t\t\t<div class=\"elementor-element elementor-element-e8f4eb3 e-flex e-con-boxed e-con e-parent\" data-id=\"e8f4eb3\" data-element_type=\"container\">\n\t\t\t\t\t<div class=\"e-con-inner\">\n\t\t<div class=\"elementor-element elementor-element-5a2b86c e-flex e-con-boxed e-con e-child\" data-id=\"5a2b86c\" data-element_type=\"container\">\n\t\t\t\t\t<div class=\"e-con-inner\">\n\t\t\t\t<div class=\"elementor-element elementor-element-7844b5e elementor-invisible elementor-widget elementor-widget-heading\" data-id=\"7844b5e\" data-element_type=\"widget\" data-settings=\"{&quot;_animation&quot;:&quot;fadeIn&quot;}\" data-widget_type=\"heading.default\">\n\t\t\t\t<div class=\"elementor-widget-container\">\n\t\t\t<style>\/*! elementor - v3.21.0 - 08-05-2024 *\/\n.elementor-heading-title{padding:0;margin:0;line-height:1}.elementor-widget-heading .elementor-heading-title[class*=elementor-size-]>a{color:inherit;font-size:inherit;line-height:inherit}.elementor-widget-heading .elementor-heading-title.elementor-size-small{font-size:15px}.elementor-widget-heading .elementor-heading-title.elementor-size-medium{font-size:19px}.elementor-widget-heading .elementor-heading-title.elementor-size-large{font-size:29px}.elementor-widget-heading .elementor-heading-title.elementor-size-xl{font-size:39px}.elementor-widget-heading .elementor-heading-title.elementor-size-xxl{font-size:59px}<\/style><h1 class=\"elementor-heading-title elementor-size-default\">Le Module pour l\u2019acc\u00e8s \u00e0 l\u2019information<\/h1>\t\t<\/div>\n\t\t\t\t<\/div>\n\t\t\t\t<div class=\"elementor-element elementor-element-ab12f11 elementor-widget__width-initial elementor-widget elementor-widget-heading\" data-id=\"ab12f11\" data-element_type=\"widget\" data-widget_type=\"heading.default\">\n\t\t\t\t<div class=\"elementor-widget-container\">\n\t\t\t<h5 class=\"elementor-heading-title elementor-size-default\">Le Module pour l\u2019acc\u00e8s \u00e0 l\u2019information est \u00e9labor\u00e9 par des Canadiens et h\u00e9berg\u00e9 sur des serveurs au Canada.<\/h5>\t\t<\/div>\n\t\t\t\t<\/div>\n\t\t\t\t\t<\/div>\n\t\t\t\t<\/div>\n\t\t<div class=\"elementor-element elementor-element-9b24113 e-flex e-con-boxed e-con e-child\" data-id=\"9b24113\" data-element_type=\"container\" data-settings=\"{&quot;background_background&quot;:&quot;classic&quot;}\">\n\t\t\t\t\t<div class=\"e-con-inner\">\n\t\t<div class=\"elementor-element elementor-element-73b33a8 e-con-full e-flex e-con e-child\" data-id=\"73b33a8\" data-element_type=\"container\">\n\t\t\t\t<div class=\"elementor-element elementor-element-b49392b elementor-widget elementor-widget-heading\" data-id=\"b49392b\" data-element_type=\"widget\" data-widget_type=\"heading.default\">\n\t\t\t\t<div class=\"elementor-widget-container\">\n\t\t\t<h2 class=\"elementor-heading-title elementor-size-default\">Le Module pour l\u2019acc\u00e8s \u00e0 l\u2019information<\/h2>\t\t<\/div>\n\t\t\t\t<\/div>\n\t\t\t\t<div class=\"elementor-element elementor-element-74dd616 elementor-widget elementor-widget-text-editor\" data-id=\"74dd616\" data-element_type=\"widget\" data-widget_type=\"text-editor.default\">\n\t\t\t\t<div class=\"elementor-widget-container\">\n\t\t\t<style>\/*! elementor - v3.21.0 - 08-05-2024 *\/\n.elementor-widget-text-editor.elementor-drop-cap-view-stacked .elementor-drop-cap{background-color:#69727d;color:#fff}.elementor-widget-text-editor.elementor-drop-cap-view-framed .elementor-drop-cap{color:#69727d;border:3px solid;background-color:transparent}.elementor-widget-text-editor:not(.elementor-drop-cap-view-default) .elementor-drop-cap{margin-top:8px}.elementor-widget-text-editor:not(.elementor-drop-cap-view-default) .elementor-drop-cap-letter{width:1em;height:1em}.elementor-widget-text-editor .elementor-drop-cap{float:left;text-align:center;line-height:1;font-size:50px}.elementor-widget-text-editor .elementor-drop-cap-letter{display:inline-block}<\/style>\t\t\t\t<p>Le Module pour l\u2019acc\u00e8s \u00e0 l\u2019information aide les services de police \u00e0 recevoir et \u00e0 traiter les demandes d\u2019information du grand public.\u00a0<\/p><p>Le Module pour l\u2019acc\u00e8s \u00e0 l\u2019information sert de guichet virtuel pour les demandes re\u00e7ues et simplifie le processus pour rendre les services policiers plus efficients et efficaces dans la r\u00e9ponse aux demandes d\u2019acc\u00e8s \u00e0 l\u2019information.\u00a0<\/p>\t\t\t\t\t\t<\/div>\n\t\t\t\t<\/div>\n\t\t\t\t<\/div>\n\t\t<div class=\"elementor-element elementor-element-4e84a11 e-con-full e-flex e-con e-child\" data-id=\"4e84a11\" data-element_type=\"container\">\n\t\t\t\t<div class=\"elementor-element elementor-element-25f0003 elementor-widget elementor-widget-image\" data-id=\"25f0003\" data-element_type=\"widget\" data-widget_type=\"image.default\">\n\t\t\t\t<div class=\"elementor-widget-container\">\n\t\t\t<style>\/*! elementor - v3.21.0 - 08-05-2024 *\/\n.elementor-widget-image{text-align:center}.elementor-widget-image a{display:inline-block}.elementor-widget-image a img[src$=\".svg\"]{width:48px}.elementor-widget-image img{vertical-align:middle;display:inline-block}<\/style>\t\t\t\t\t\t\t\t\t\t<img fetchpriority=\"high\" decoding=\"async\" width=\"675\" height=\"1024\" src=\"https:\/\/www.policesolution.ca\/wp-content\/uploads\/2024\/04\/foi-675x1024.jpg\" class=\"attachment-large size-large wp-image-2768\" alt=\"\" srcset=\"https:\/\/www.policesolution.ca\/wp-content\/uploads\/2024\/04\/foi-675x1024.jpg 675w, https:\/\/www.policesolution.ca\/wp-content\/uploads\/2024\/04\/foi-198x300.jpg 198w, https:\/\/www.policesolution.ca\/wp-content\/uploads\/2024\/04\/foi-768x1165.jpg 768w, https:\/\/www.policesolution.ca\/wp-content\/uploads\/2024\/04\/foi-1012x1536.jpg 1012w, https:\/\/www.policesolution.ca\/wp-content\/uploads\/2024\/04\/foi.jpg 1290w\" sizes=\"(max-width: 675px) 100vw, 675px\" \/>\t\t\t\t\t\t\t\t\t\t\t\t\t<\/div>\n\t\t\t\t<\/div>\n\t\t\t\t<\/div>\n\t\t\t\t\t<\/div>\n\t\t\t\t<\/div>\n\t\t\t\t\t<\/div>\n\t\t\t\t<\/div>\n\t\t\t\t<\/div>","protected":false},"excerpt":{"rendered":"<p>Freedom of Information Module Freedom of Information (FOI) Module is developed by Canadians and hosted on servers in Canada. Freedom of Information Module The Freedom of Information (FOI) Module assists police services for the intake and processing of information requests from the public.\u00a0 FOI Module acts as a virtual front counter for incoming requests and [&hellip;]<\/p>","protected":false},"author":2,"featured_media":0,"parent":0,"menu_order":0,"comment_status":"closed","ping_status":"closed","template":"elementor_header_footer","meta":{"footnotes":""},"class_list":["post-2404","page","type-page","status-publish","hentry"],"_links":{"self":[{"href":"https:\/\/www.policesolution.ca\/fr\/wp-json\/wp\/v2\/pages\/2404","targetHints":{"allow":["GET"]}}],"collection":[{"href":"https:\/\/www.policesolution.ca\/fr\/wp-json\/wp\/v2\/pages"}],"about":[{"href":"https:\/\/www.policesolution.ca\/fr\/wp-json\/wp\/v2\/types\/page"}],"author":[{"embeddable":true,"href":"https:\/\/www.policesolution.ca\/fr\/wp-json\/wp\/v2\/users\/2"}],"replies":[{"embeddable":true,"href":"https:\/\/www.policesolution.ca\/fr\/wp-json\/wp\/v2\/comments?post=2404"}],"version-history":[{"count":34,"href":"https:\/\/www.policesolution.ca\/fr\/wp-json\/wp\/v2\/pages\/2404\/revisions"}],"predecessor-version":[{"id":3486,"href":"https:\/\/www.policesolution.ca\/fr\/wp-json\/wp\/v2\/pages\/2404\/revisions\/3486"}],"wp:attachment":[{"href":"https:\/\/www.policesolution.ca\/fr\/wp-json\/wp\/v2\/media?parent=2404"}],"curies":[{"name":"wp","href":"https:\/\/api.w.org\/{rel}","templated":true}]}}