{"id":2632,"date":"2024-04-17T16:24:26","date_gmt":"2024-04-17T20:24:26","guid":{"rendered":"https:\/\/qawww.policesolutions.ca\/?page_id=2632"},"modified":"2024-04-19T16:50:10","modified_gmt":"2024-04-19T20:50:10","slug":"analytic-dashboards","status":"publish","type":"page","link":"https:\/\/www.policesolution.ca\/fr\/analytic-dashboards\/","title":{"rendered":"Tableaux de bord"},"content":{"rendered":"<div data-elementor-type=\"wp-page\" data-elementor-id=\"2632\" class=\"elementor elementor-2632\" data-elementor-post-type=\"page\">\n\t\t\t\t<div class=\"elementor-element elementor-element-f95a17b e-flex e-con-boxed e-con e-child\" data-id=\"f95a17b\" data-element_type=\"container\">\n\t\t\t\t\t<div class=\"e-con-inner\">\n\t\t\t\t<div class=\"elementor-element elementor-element-8492a32 elementor-invisible elementor-widget elementor-widget-heading\" data-id=\"8492a32\" data-element_type=\"widget\" data-settings=\"{&quot;_animation&quot;:&quot;fadeIn&quot;}\" data-widget_type=\"heading.default\">\n\t\t\t\t<div class=\"elementor-widget-container\">\n\t\t\t<style>\/*! elementor - v3.21.0 - 08-05-2024 *\/\n.elementor-heading-title{padding:0;margin:0;line-height:1}.elementor-widget-heading .elementor-heading-title[class*=elementor-size-]>a{color:inherit;font-size:inherit;line-height:inherit}.elementor-widget-heading .elementor-heading-title.elementor-size-small{font-size:15px}.elementor-widget-heading .elementor-heading-title.elementor-size-medium{font-size:19px}.elementor-widget-heading .elementor-heading-title.elementor-size-large{font-size:29px}.elementor-widget-heading .elementor-heading-title.elementor-size-xl{font-size:39px}.elementor-widget-heading .elementor-heading-title.elementor-size-xxl{font-size:59px}<\/style><h1 class=\"elementor-heading-title elementor-size-default\">Tableaux de bord analytiques<\/h1>\t\t<\/div>\n\t\t\t\t<\/div>\n\t\t\t\t<div class=\"elementor-element elementor-element-d5d52b5 elementor-widget__width-initial elementor-widget elementor-widget-heading\" data-id=\"d5d52b5\" data-element_type=\"widget\" data-widget_type=\"heading.default\">\n\t\t\t\t<div class=\"elementor-widget-container\">\n\t\t\t<h5 class=\"elementor-heading-title elementor-size-default\">Les tableaux de bord analytiques sont \u00e9labor\u00e9s par des Canadiens et h\u00e9berg\u00e9s sur des serveurs au Canada.<\/h5>\t\t<\/div>\n\t\t\t\t<\/div>\n\t\t\t\t\t<\/div>\n\t\t\t\t<\/div>\n\t\t<div class=\"elementor-element elementor-element-ba4337a e-flex e-con-boxed e-con e-child\" data-id=\"ba4337a\" data-element_type=\"container\" data-settings=\"{&quot;background_background&quot;:&quot;classic&quot;}\">\n\t\t\t\t\t<div class=\"e-con-inner\">\n\t\t<div class=\"elementor-element elementor-element-33b0625 e-con-full e-flex e-con e-child\" data-id=\"33b0625\" data-element_type=\"container\">\n\t\t\t\t<div class=\"elementor-element elementor-element-9002623 elementor-widget elementor-widget-heading\" data-id=\"9002623\" data-element_type=\"widget\" data-widget_type=\"heading.default\">\n\t\t\t\t<div class=\"elementor-widget-container\">\n\t\t\t<h2 class=\"elementor-heading-title elementor-size-default\">Tableaux de bord<\/h2>\t\t<\/div>\n\t\t\t\t<\/div>\n\t\t\t\t<div class=\"elementor-element elementor-element-45dc7bc elementor-widget elementor-widget-text-editor\" data-id=\"45dc7bc\" data-element_type=\"widget\" data-widget_type=\"text-editor.default\">\n\t\t\t\t<div class=\"elementor-widget-container\">\n\t\t\t<style>\/*! elementor - v3.21.0 - 08-05-2024 *\/\n.elementor-widget-text-editor.elementor-drop-cap-view-stacked .elementor-drop-cap{background-color:#69727d;color:#fff}.elementor-widget-text-editor.elementor-drop-cap-view-framed .elementor-drop-cap{color:#69727d;border:3px solid;background-color:transparent}.elementor-widget-text-editor:not(.elementor-drop-cap-view-default) .elementor-drop-cap{margin-top:8px}.elementor-widget-text-editor:not(.elementor-drop-cap-view-default) .elementor-drop-cap-letter{width:1em;height:1em}.elementor-widget-text-editor .elementor-drop-cap{float:left;text-align:center;line-height:1;font-size:50px}.elementor-widget-text-editor .elementor-drop-cap-letter{display:inline-block}<\/style>\t\t\t\t<p>L\u2019offre de produits <b> SolutionsPolici\u00e8res.ca <\/b> s\u2019\u00e9largit avec des tableaux de bord analytiques ax\u00e9s sur les donn\u00e9es criminog\u00e8nes \u00e0 partir de diverses sources de donn\u00e9es fournies par la police et disponible en ligne.\u00a0<\/p><p>Ces tableaux de bord permettent aux services de police d\u2019illustrer les tendances et les enjeux qui touchent \u00e0 leurs collectivit\u00e9s. Les tableaux de bord personnalisables fournissent des donn\u00e9es sur les activit\u00e9s criminelles et d\u2019autres renseignements qui contribuent \u00e0 la prise de d\u00e9cisions fond\u00e9es sur des donn\u00e9es probantes \u00e0 leurs mandants, \u00e0 leurs intervenants et \u00e0 leurs organes de gouvernance.\u00a0<\/p>\t\t\t\t\t\t<\/div>\n\t\t\t\t<\/div>\n\t\t\t\t<\/div>\n\t\t<div class=\"elementor-element elementor-element-7342a54 e-con-full e-flex e-con e-child\" data-id=\"7342a54\" data-element_type=\"container\">\n\t\t\t\t<div class=\"elementor-element elementor-element-cee319f elementor-widget elementor-widget-image\" data-id=\"cee319f\" data-element_type=\"widget\" data-widget_type=\"image.default\">\n\t\t\t\t<div class=\"elementor-widget-container\">\n\t\t\t<style>\/*! elementor - v3.21.0 - 08-05-2024 *\/\n.elementor-widget-image{text-align:center}.elementor-widget-image a{display:inline-block}.elementor-widget-image a img[src$=\".svg\"]{width:48px}.elementor-widget-image img{vertical-align:middle;display:inline-block}<\/style>\t\t\t\t\t\t\t\t\t\t<img fetchpriority=\"high\" decoding=\"async\" width=\"800\" height=\"628\" src=\"https:\/\/www.policesolution.ca\/wp-content\/uploads\/2024\/04\/dashboards-1024x804.jpg\" class=\"attachment-large size-large wp-image-2776\" alt=\"\" srcset=\"https:\/\/www.policesolution.ca\/wp-content\/uploads\/2024\/04\/dashboards-1024x804.jpg 1024w, https:\/\/www.policesolution.ca\/wp-content\/uploads\/2024\/04\/dashboards-300x236.jpg 300w, https:\/\/www.policesolution.ca\/wp-content\/uploads\/2024\/04\/dashboards-768x603.jpg 768w, https:\/\/www.policesolution.ca\/wp-content\/uploads\/2024\/04\/dashboards-1536x1207.jpg 1536w, https:\/\/www.policesolution.ca\/wp-content\/uploads\/2024\/04\/dashboards.jpg 1600w\" sizes=\"(max-width: 800px) 100vw, 800px\" \/>\t\t\t\t\t\t\t\t\t\t\t\t\t<\/div>\n\t\t\t\t<\/div>\n\t\t\t\t<\/div>\n\t\t\t\t\t<\/div>\n\t\t\t\t<\/div>\n\t\t\t\t<\/div>","protected":false},"excerpt":{"rendered":"<p>Analytic Dashboards Analytic Dashboards are developed by Canadians and hosted on servers in Canada. Dashboards The PoliceSolutions.ca product offering is expanding with crime analytic dashboards based on various data sources provided by the Police.\u00a0 These dashboards allow police agencies to illustrate trends and issues affecting their communities. The customizable dashboards provide data of criminal activity [&hellip;]<\/p>","protected":false},"author":2,"featured_media":0,"parent":0,"menu_order":0,"comment_status":"closed","ping_status":"closed","template":"elementor_header_footer","meta":{"footnotes":""},"class_list":["post-2632","page","type-page","status-publish","hentry"],"_links":{"self":[{"href":"https:\/\/www.policesolution.ca\/fr\/wp-json\/wp\/v2\/pages\/2632","targetHints":{"allow":["GET"]}}],"collection":[{"href":"https:\/\/www.policesolution.ca\/fr\/wp-json\/wp\/v2\/pages"}],"about":[{"href":"https:\/\/www.policesolution.ca\/fr\/wp-json\/wp\/v2\/types\/page"}],"author":[{"embeddable":true,"href":"https:\/\/www.policesolution.ca\/fr\/wp-json\/wp\/v2\/users\/2"}],"replies":[{"embeddable":true,"href":"https:\/\/www.policesolution.ca\/fr\/wp-json\/wp\/v2\/comments?post=2632"}],"version-history":[{"count":23,"href":"https:\/\/www.policesolution.ca\/fr\/wp-json\/wp\/v2\/pages\/2632\/revisions"}],"predecessor-version":[{"id":3005,"href":"https:\/\/www.policesolution.ca\/fr\/wp-json\/wp\/v2\/pages\/2632\/revisions\/3005"}],"wp:attachment":[{"href":"https:\/\/www.policesolution.ca\/fr\/wp-json\/wp\/v2\/media?parent=2632"}],"curies":[{"name":"wp","href":"https:\/\/api.w.org\/{rel}","templated":true}]}}