{"id":3,"date":"2024-01-24T12:51:42","date_gmt":"2024-01-24T17:51:42","guid":{"rendered":"https:\/\/qawww.policesolutions.ca\/?page_id=3"},"modified":"2024-05-17T14:53:38","modified_gmt":"2024-05-17T18:53:38","slug":"privacy-policy","status":"publish","type":"page","link":"https:\/\/www.policesolution.ca\/fr\/privacy-policy\/","title":{"rendered":""},"content":{"rendered":"<div data-elementor-type=\"wp-page\" data-elementor-id=\"3\" class=\"elementor elementor-3\" data-elementor-post-type=\"page\">\n\t\t\t\t<div class=\"elementor-element elementor-element-1d61206 e-flex e-con-boxed e-con e-parent\" data-id=\"1d61206\" data-element_type=\"container\">\n\t\t\t\t\t<div class=\"e-con-inner\">\n\t\t\t\t<div class=\"elementor-element elementor-element-87642f6 elementor-widget elementor-widget-spacer\" data-id=\"87642f6\" data-element_type=\"widget\" data-widget_type=\"spacer.default\">\n\t\t\t\t<div class=\"elementor-widget-container\">\n\t\t\t<style>\/*! elementor - v3.21.0 - 08-05-2024 *\/\n.elementor-column .elementor-spacer-inner{height:var(--spacer-size)}.e-con{--container-widget-width:100%}.e-con-inner>.elementor-widget-spacer,.e-con>.elementor-widget-spacer{width:var(--container-widget-width,var(--spacer-size));--align-self:var(--container-widget-align-self,initial);--flex-shrink:0}.e-con-inner>.elementor-widget-spacer>.elementor-widget-container,.e-con>.elementor-widget-spacer>.elementor-widget-container{height:100%;width:100%}.e-con-inner>.elementor-widget-spacer>.elementor-widget-container>.elementor-spacer,.e-con>.elementor-widget-spacer>.elementor-widget-container>.elementor-spacer{height:100%}.e-con-inner>.elementor-widget-spacer>.elementor-widget-container>.elementor-spacer>.elementor-spacer-inner,.e-con>.elementor-widget-spacer>.elementor-widget-container>.elementor-spacer>.elementor-spacer-inner{height:var(--container-widget-height,var(--spacer-size))}.e-con-inner>.elementor-widget-spacer.elementor-widget-empty,.e-con>.elementor-widget-spacer.elementor-widget-empty{position:relative;min-height:22px;min-width:22px}.e-con-inner>.elementor-widget-spacer.elementor-widget-empty .elementor-widget-empty-icon,.e-con>.elementor-widget-spacer.elementor-widget-empty .elementor-widget-empty-icon{position:absolute;top:0;bottom:0;left:0;right:0;margin:auto;padding:0;width:22px;height:22px}<\/style>\t\t<div class=\"elementor-spacer\">\n\t\t\t<div class=\"elementor-spacer-inner\"><\/div>\n\t\t<\/div>\n\t\t\t\t<\/div>\n\t\t\t\t<\/div>\n\t\t\t\t<div class=\"elementor-element elementor-element-46a9670 elementor-widget-tablet__width-initial elementor-widget__width-initial elementor-widget elementor-widget-heading\" data-id=\"46a9670\" data-element_type=\"widget\" data-widget_type=\"heading.default\">\n\t\t\t\t<div class=\"elementor-widget-container\">\n\t\t\t<style>\/*! elementor - v3.21.0 - 08-05-2024 *\/\n.elementor-heading-title{padding:0;margin:0;line-height:1}.elementor-widget-heading .elementor-heading-title[class*=elementor-size-]>a{color:inherit;font-size:inherit;line-height:inherit}.elementor-widget-heading .elementor-heading-title.elementor-size-small{font-size:15px}.elementor-widget-heading .elementor-heading-title.elementor-size-medium{font-size:19px}.elementor-widget-heading .elementor-heading-title.elementor-size-large{font-size:29px}.elementor-widget-heading .elementor-heading-title.elementor-size-xl{font-size:39px}.elementor-widget-heading .elementor-heading-title.elementor-size-xxl{font-size:59px}<\/style><h2 class=\"elementor-heading-title elementor-size-default\">\u00c9nonc\u00e9 de confidentialit\u00e9 de Forrest Green Solutions Ltd.<\/h2>\t\t<\/div>\n\t\t\t\t<\/div>\n\t\t\t\t<div class=\"elementor-element elementor-element-201b3bfa elementor-widget__width-initial elementor-widget elementor-widget-text-editor\" data-id=\"201b3bfa\" data-element_type=\"widget\" data-widget_type=\"text-editor.default\">\n\t\t\t\t<div class=\"elementor-widget-container\">\n\t\t\t<style>\/*! elementor - v3.21.0 - 08-05-2024 *\/\n.elementor-widget-text-editor.elementor-drop-cap-view-stacked .elementor-drop-cap{background-color:#69727d;color:#fff}.elementor-widget-text-editor.elementor-drop-cap-view-framed .elementor-drop-cap{color:#69727d;border:3px solid;background-color:transparent}.elementor-widget-text-editor:not(.elementor-drop-cap-view-default) .elementor-drop-cap{margin-top:8px}.elementor-widget-text-editor:not(.elementor-drop-cap-view-default) .elementor-drop-cap-letter{width:1em;height:1em}.elementor-widget-text-editor .elementor-drop-cap{float:left;text-align:center;line-height:1;font-size:50px}.elementor-widget-text-editor .elementor-drop-cap-letter{display:inline-block}<\/style>\t\t\t\t<!-- wp:heading -->\n<p>Forrest Green Solutions Ltd. s\u2019engage \u00e0 prot\u00e9ger la confidentialit\u00e9 et la s\u00e9curit\u00e9 des renseignements personnels fournis par les personnes qui utilisent ses diverses solutions en ligne. Les renseignements personnels sont des renseignements sur une personne identifiable et comprennent des \u00e9l\u00e9ments tels que son nom, son adresse, son sexe, ses coordonn\u00e9es, ainsi que ses opinions et ses pr\u00e9f\u00e9rences.<\/p>\n<p>Conform\u00e9ment aux meilleures pratiques en la mati\u00e8re, Forrest Green Solutions Ltd. traite tous les renseignements personnels selon sept principes directeurs :<\/p>\n<ul>\n<li>En conformit\u00e9 aux lois f\u00e9d\u00e9rales et provinciales existantes o\u00f9 l\u2019\u00e9quit\u00e9 et la transparence sont primordiales.<\/li>\n<li>L\u2019utilisation de toute information personnelle exclusivement dans le seul but d\u2019effectuer le travail demand\u00e9 conform\u00e9ment \u00e0 tout contrat de licence d\u2019utilisateur final.<\/li>\n<li>Demander et traiter le strict minimum d\u2019informations pour permettre \u00e0 Forrest Green de mener \u00e0 bien tout travail.<\/li>\n<li>Assurer l\u2019exactitude de toutes les informations personnelles fournies.<\/li>\n<li>Stocker et utiliser toute information personnelle aussi longtemps que n\u00e9cessaire.<\/li>\n<li>Assurer l\u2019int\u00e9grit\u00e9 et la confidentialit\u00e9 de l\u2019information gr\u00e2ce \u00e0 des politiques et des pratiques solides en mati\u00e8re de cybers\u00e9curit\u00e9 et de ressources humaines.<\/li>\n<li>Assurer la responsabilit\u00e9 des processus envers les clients policiers et leurs clients utilisateurs finaux.<\/li>\n<\/ul>\n<p>\u00a0<\/p>\n<p>Veuillez noter que Forrest Green Solutions Ltd. n\u2019a acc\u00e8s \u00e0 aucun des r\u00e9sultats des v\u00e9rifications d\u2019ant\u00e9c\u00e9dents judiciaires. Ces renseignements sont strictement partag\u00e9s entre le service de police qui effectue la v\u00e9rification et la personne qui demande la v\u00e9rification.<\/p>\n<p>Vous pouvez obtenir notre politique de confidentialit\u00e9 compl\u00e8te en communiquant avec nous par courriel \u00e0 l\u2019adresse <a href=\"mailto:info@forrestgreen.com\">info@forrestgreen.com<\/a><\/p>\n<!-- \/wp:heading --><!-- wp:paragraph -->\n<p>\u00a0<\/p>\n<!-- \/wp:paragraph -->\t\t\t\t\t\t<\/div>\n\t\t\t\t<\/div>\n\t\t\t\t\t<\/div>\n\t\t\t\t<\/div>\n\t\t\t\t<\/div>","protected":false},"excerpt":{"rendered":"<p>Forrest Green Solutions Ltd. Privacy Statement Forrest Green Solutions Ltd. is committed to protecting the privacy and security of personal information provided by individuals using its various online solutions. Personal information is information about an identifiable person and includes such things as their name, address, gender, contact information as well as opinions and preferences. In [&hellip;]<\/p>","protected":false},"author":1,"featured_media":0,"parent":0,"menu_order":0,"comment_status":"closed","ping_status":"closed","template":"","meta":{"footnotes":""},"class_list":["post-3","page","type-page","status-publish","hentry"],"_links":{"self":[{"href":"https:\/\/www.policesolution.ca\/fr\/wp-json\/wp\/v2\/pages\/3","targetHints":{"allow":["GET"]}}],"collection":[{"href":"https:\/\/www.policesolution.ca\/fr\/wp-json\/wp\/v2\/pages"}],"about":[{"href":"https:\/\/www.policesolution.ca\/fr\/wp-json\/wp\/v2\/types\/page"}],"author":[{"embeddable":true,"href":"https:\/\/www.policesolution.ca\/fr\/wp-json\/wp\/v2\/users\/1"}],"replies":[{"embeddable":true,"href":"https:\/\/www.policesolution.ca\/fr\/wp-json\/wp\/v2\/comments?post=3"}],"version-history":[{"count":15,"href":"https:\/\/www.policesolution.ca\/fr\/wp-json\/wp\/v2\/pages\/3\/revisions"}],"predecessor-version":[{"id":3280,"href":"https:\/\/www.policesolution.ca\/fr\/wp-json\/wp\/v2\/pages\/3\/revisions\/3280"}],"wp:attachment":[{"href":"https:\/\/www.policesolution.ca\/fr\/wp-json\/wp\/v2\/media?parent=3"}],"curies":[{"name":"wp","href":"https:\/\/api.w.org\/{rel}","templated":true}]}}