{"id":3558,"date":"2024-08-15T13:17:20","date_gmt":"2024-08-15T17:17:20","guid":{"rendered":"https:\/\/www.policesolution.ca\/?page_id=3558"},"modified":"2025-11-05T09:33:06","modified_gmt":"2025-11-05T14:33:06","slug":"pe","status":"publish","type":"page","link":"https:\/\/www.policesolution.ca\/fr\/pe\/","title":{"rendered":"SEARCH &#8211; PEI"},"content":{"rendered":"<div data-elementor-type=\"wp-page\" data-elementor-id=\"3558\" class=\"elementor elementor-3558\" data-elementor-post-type=\"page\">\n\t\t\t\t<div class=\"elementor-element elementor-element-8bee84d e-flex e-con-boxed e-con e-parent\" data-id=\"8bee84d\" data-element_type=\"container\">\n\t\t\t\t\t<div class=\"e-con-inner\">\n\t\t<div class=\"elementor-element elementor-element-a06fdf2 e-con-full e-flex e-con e-child\" data-id=\"a06fdf2\" data-element_type=\"container\">\n\t\t\t\t<div class=\"elementor-element elementor-element-4beff6c elementor-widget elementor-widget-heading\" data-id=\"4beff6c\" data-element_type=\"widget\" data-widget_type=\"heading.default\">\n\t\t\t\t<div class=\"elementor-widget-container\">\n\t\t\t<style>\/*! elementor - v3.21.0 - 08-05-2024 *\/\n.elementor-heading-title{padding:0;margin:0;line-height:1}.elementor-widget-heading .elementor-heading-title[class*=elementor-size-]>a{color:inherit;font-size:inherit;line-height:inherit}.elementor-widget-heading .elementor-heading-title.elementor-size-small{font-size:15px}.elementor-widget-heading .elementor-heading-title.elementor-size-medium{font-size:19px}.elementor-widget-heading .elementor-heading-title.elementor-size-large{font-size:29px}.elementor-widget-heading .elementor-heading-title.elementor-size-xl{font-size:39px}.elementor-widget-heading .elementor-heading-title.elementor-size-xxl{font-size:59px}<\/style><h1 class=\"elementor-heading-title elementor-size-default\">\u00cele-du-Prince-\u00c9douard<\/h1>\t\t<\/div>\n\t\t\t\t<\/div>\n\t\t\t\t<\/div>\n\t\t<div class=\"elementor-element elementor-element-a014b89 e-con-full e-flex e-con e-child\" data-id=\"a014b89\" data-element_type=\"container\">\n\t\t\t\t<div class=\"elementor-element elementor-element-d740507 elementor-widget elementor-widget-image\" data-id=\"d740507\" data-element_type=\"widget\" data-widget_type=\"image.default\">\n\t\t\t\t<div class=\"elementor-widget-container\">\n\t\t\t<style>\/*! elementor - v3.21.0 - 08-05-2024 *\/\n.elementor-widget-image{text-align:center}.elementor-widget-image a{display:inline-block}.elementor-widget-image a img[src$=\".svg\"]{width:48px}.elementor-widget-image img{vertical-align:middle;display:inline-block}<\/style>\t\t\t\t\t\t\t\t\t\t<img fetchpriority=\"high\" decoding=\"async\" width=\"2560\" height=\"1754\" src=\"https:\/\/www.policesolution.ca\/wp-content\/uploads\/2024\/04\/princeedwardisland.png\" class=\"attachment-full size-full wp-image-2861\" alt=\"\" srcset=\"https:\/\/www.policesolution.ca\/wp-content\/uploads\/2024\/04\/princeedwardisland.png 2560w, https:\/\/www.policesolution.ca\/wp-content\/uploads\/2024\/04\/princeedwardisland-300x206.png 300w, https:\/\/www.policesolution.ca\/wp-content\/uploads\/2024\/04\/princeedwardisland-1024x702.png 1024w, https:\/\/www.policesolution.ca\/wp-content\/uploads\/2024\/04\/princeedwardisland-768x526.png 768w, https:\/\/www.policesolution.ca\/wp-content\/uploads\/2024\/04\/princeedwardisland-1536x1052.png 1536w, https:\/\/www.policesolution.ca\/wp-content\/uploads\/2024\/04\/princeedwardisland-2048x1403.png 2048w\" sizes=\"(max-width: 2560px) 100vw, 2560px\" \/>\t\t\t\t\t\t\t\t\t\t\t\t\t<\/div>\n\t\t\t\t<\/div>\n\t\t\t\t<\/div>\n\t\t\t\t\t<\/div>\n\t\t\t\t<\/div>\n\t\t<div class=\"elementor-element elementor-element-ca7b068 e-con-full e-flex e-con e-child\" data-id=\"ca7b068\" data-element_type=\"container\">\n\t\t<div class=\"elementor-element elementor-element-2505356 e-flex e-con-boxed e-con e-child\" data-id=\"2505356\" data-element_type=\"container\" data-settings=\"{&quot;background_background&quot;:&quot;classic&quot;}\">\n\t\t\t\t\t<div class=\"e-con-inner\">\n\t\t<div class=\"elementor-element elementor-element-1faa1de e-con-full e-flex e-con e-child\" data-id=\"1faa1de\" data-element_type=\"container\">\n\t\t<div class=\"elementor-element elementor-element-6c8f68a e-con-full e-flex e-con e-child\" data-id=\"6c8f68a\" data-element_type=\"container\">\n\t\t\t\t<div class=\"elementor-element elementor-element-7356140 elementor-alert-warning elementor-widget__width-initial elementor-widget elementor-widget-alert\" data-id=\"7356140\" data-element_type=\"widget\" data-widget_type=\"alert.default\">\n\t\t\t\t<div class=\"elementor-widget-container\">\n\t\t\t<style>\/*! elementor - v3.21.0 - 08-05-2024 *\/\n.elementor-alert{padding:15px;border-left:5px solid transparent;position:relative;text-align:start}.elementor-alert .elementor-alert-title{display:block;font-weight:700}.elementor-alert .elementor-alert-description{font-size:13px}.elementor-alert button.elementor-alert-dismiss{position:absolute;right:var(--dismiss-icon-horizontal-position,10px);top:var(--dismiss-icon-vertical-position,10px);padding:3px;font-size:var(--dismiss-icon-size,20px);line-height:1;background:transparent;color:var(--dismiss-icon-normal-color,inherit);border:none;cursor:pointer;transition-duration:var(--dismiss-icon-hover-transition-duration,.3s)}.elementor-alert button.elementor-alert-dismiss:hover{color:var(--dismiss-icon-hover-color,inherit)}.elementor-alert button.elementor-alert-dismiss svg{width:var(--dismiss-icon-size,20px);height:var(--dismiss-icon-size,20px);fill:var(--dismiss-icon-normal-color,currentColor);transition-duration:var(--dismiss-icon-hover-transition-duration,.3s)}.elementor-alert button.elementor-alert-dismiss svg:hover{fill:var(--dismiss-icon-hover-color,currentColor)}.elementor-alert-info .elementor-alert{color:#31708f;background-color:#d9edf7;border-color:#bcdff1}.elementor-alert-success .elementor-alert{color:#3c763d;background-color:#dff0d8;border-color:#cae6be}.elementor-alert-warning .elementor-alert{color:#8a6d3b;background-color:#fcf8e3;border-color:#f9f0c3}.elementor-alert-danger .elementor-alert{color:#a94442;background-color:#f2dede;border-color:#e8c4c4}@media (max-width:767px){.elementor-alert{padding:10px}.elementor-alert button.elementor-alert-dismiss{right:7px;top:7px}}<\/style>\t\t<div class=\"elementor-alert\" role=\"alert\">\n\n\t\t\t\t\t\t<span class=\"elementor-alert-title\">Remarque sur le secteur vuln\u00e9rable (VS)<\/span>\n\t\t\t\n\t\t\t\t\t\t<span class=\"elementor-alert-description\"><b> *Secteur vuln\u00e9rable  <\/b> Les contr\u00f4les doivent \u00eatre effectu\u00e9s par la municipalit\u00e9 dans laquelle vous r\u00e9sidez. Si vous avez besoin d'un contr\u00f4le VS, rendez-vous sur le site Web de votre service de police municipal. \n<br><br>\nVS s\u2019applique aux personnes qui ont l\u2019intention de travailler et\/ou de faire du b\u00e9n\u00e9volat aupr\u00e8s de personnes vuln\u00e9rables. <br><br>\n\n\n\nUne personne vuln\u00e9rable est d\u00e9finie comme une personne qui peut avoir besoin de services de soins communautaires en raison d'une maladie mentale, d'une d\u00e9ficience ou d'un retard de d\u00e9veloppement, d'un autre handicap, de son \u00e2ge, d'une maladie ou de troubles \u00e9motionnels. <br> <br> \npar ex. Infirmi\u00e8re, enseignante, coaches de jeunes, etc.<\/span>\n\t\t\t\n\t\t\t\n\t\t<\/div>\n\t\t\t\t<\/div>\n\t\t\t\t<\/div>\n\t\t\t\t<\/div>\n\t\t<div class=\"elementor-element elementor-element-b624a35 e-con-full e-flex e-con e-child\" data-id=\"b624a35\" data-element_type=\"container\">\n\t\t\t\t<div class=\"elementor-element elementor-element-89b4389 elementor-widget__width-initial elementor-widget-tablet__width-initial elementor-widget-mobile__width-initial elementor-widget elementor-widget-text-editor\" data-id=\"89b4389\" data-element_type=\"widget\" data-widget_type=\"text-editor.default\">\n\t\t\t\t<div class=\"elementor-widget-container\">\n\t\t\t<style>\/*! elementor - v3.21.0 - 08-05-2024 *\/\n.elementor-widget-text-editor.elementor-drop-cap-view-stacked .elementor-drop-cap{background-color:#69727d;color:#fff}.elementor-widget-text-editor.elementor-drop-cap-view-framed .elementor-drop-cap{color:#69727d;border:3px solid;background-color:transparent}.elementor-widget-text-editor:not(.elementor-drop-cap-view-default) .elementor-drop-cap{margin-top:8px}.elementor-widget-text-editor:not(.elementor-drop-cap-view-default) .elementor-drop-cap-letter{width:1em;height:1em}.elementor-widget-text-editor .elementor-drop-cap{float:left;text-align:center;line-height:1;font-size:50px}.elementor-widget-text-editor .elementor-drop-cap-letter{display:inline-block}<\/style>\t\t\t\t<p>Obtenez une v\u00e9rification r\u00e9guli\u00e8re du casier judiciaire en cliquant sur le bouton ci-dessous.\u00a0<\/p>\t\t\t\t\t\t<\/div>\n\t\t\t\t<\/div>\n\t\t\t\t<div class=\"elementor-element elementor-element-05a9367 elementor-align-left elementor-widget__width-inherit elementor-widget elementor-widget-button\" data-id=\"05a9367\" data-element_type=\"widget\" data-widget_type=\"button.default\">\n\t\t\t\t<div class=\"elementor-widget-container\">\n\t\t\t\t\t<div class=\"elementor-button-wrapper\">\n\t\t\t<a class=\"elementor-button elementor-button-link elementor-size-xs elementor-animation-grow\" href=\"https:\/\/www.policesolutions.ca\/checks\/services\/kennebecasis3\/\">\n\t\t\t\t\t\t<span class=\"elementor-button-content-wrapper\">\n\t\t\t\t\t\t<span class=\"elementor-button-icon elementor-align-icon-left\">\n\t\t\t\t<svg aria-hidden=\"true\" class=\"e-font-icon-svg e-fas-external-link-alt\" viewbox=\"0 0 512 512\" xmlns=\"http:\/\/www.w3.org\/2000\/svg\"><path d=\"M432,320H400a16,16,0,0,0-16,16V448H64V128H208a16,16,0,0,0,16-16V80a16,16,0,0,0-16-16H48A48,48,0,0,0,0,112V464a48,48,0,0,0,48,48H400a48,48,0,0,0,48-48V336A16,16,0,0,0,432,320ZM488,0h-128c-21.37,0-32.05,25.91-17,41l35.73,35.73L135,320.37a24,24,0,0,0,0,34L157.67,377a24,24,0,0,0,34,0L435.28,133.32,471,169c15,15,41,4.5,41-17V24A24,24,0,0,0,488,0Z\"><\/path><\/svg>\t\t\t<\/span>\n\t\t\t\t\t\t\t\t\t<span class=\"elementor-button-text\">Obtenez une v\u00e9rification d\u2019ant\u00e9c\u00e9dents judiciaires de l\u2019\u00cele-du-Prince-\u00c9douard (non-secteur vuln\u00e9rable)<\/span>\n\t\t\t\t\t<\/span>\n\t\t\t\t\t<\/a>\n\t\t<\/div>\n\t\t\t\t<\/div>\n\t\t\t\t<\/div>\n\t\t\t\t<\/div>\n\t\t\t\t<\/div>\n\t\t\t\t\t<\/div>\n\t\t\t\t<\/div>\n\t\t\t\t<\/div>\n\t\t\t\t<\/div>","protected":false},"excerpt":{"rendered":"<p>Prince Edward Island Note about Vulnerable Sector (VS) *Vulnerable Sector Checks MUST be performed by the municipality you reside in. If you are needing a VS check, go to your municipal Police Agency&#8217;s website. VS applies to individuals that intend to work and\/or volunteer with Vulnerable Person(s). A Vulnerable Person is defined as a person [&hellip;]<\/p>","protected":false},"author":2,"featured_media":0,"parent":0,"menu_order":0,"comment_status":"closed","ping_status":"closed","template":"","meta":{"footnotes":""},"class_list":["post-3558","page","type-page","status-publish","hentry"],"_links":{"self":[{"href":"https:\/\/www.policesolution.ca\/fr\/wp-json\/wp\/v2\/pages\/3558","targetHints":{"allow":["GET"]}}],"collection":[{"href":"https:\/\/www.policesolution.ca\/fr\/wp-json\/wp\/v2\/pages"}],"about":[{"href":"https:\/\/www.policesolution.ca\/fr\/wp-json\/wp\/v2\/types\/page"}],"author":[{"embeddable":true,"href":"https:\/\/www.policesolution.ca\/fr\/wp-json\/wp\/v2\/users\/2"}],"replies":[{"embeddable":true,"href":"https:\/\/www.policesolution.ca\/fr\/wp-json\/wp\/v2\/comments?post=3558"}],"version-history":[{"count":28,"href":"https:\/\/www.policesolution.ca\/fr\/wp-json\/wp\/v2\/pages\/3558\/revisions"}],"predecessor-version":[{"id":3912,"href":"https:\/\/www.policesolution.ca\/fr\/wp-json\/wp\/v2\/pages\/3558\/revisions\/3912"}],"wp:attachment":[{"href":"https:\/\/www.policesolution.ca\/fr\/wp-json\/wp\/v2\/media?parent=3558"}],"curies":[{"name":"wp","href":"https:\/\/api.w.org\/{rel}","templated":true}]}}